{"id":1268,"date":"2009-12-28T19:15:30","date_gmt":"2009-12-28T16:15:30","guid":{"rendered":"https:\/\/saschaback.de\/blog_neu\/\/?page_id=2"},"modified":"2009-12-28T19:15:30","modified_gmt":"2009-12-28T16:15:30","slug":"about","status":"publish","type":"page","link":"https:\/\/www.saschaback.de\/blog_neu\/about\/","title":{"rendered":"About"},"content":{"rendered":"<p>Herzlich Willkommen auf meinem Blog &#8211; hier poste ich Beitr\u00e4ge \u00fcber meine Hobbies Sportschiessen (IPSC und Steelchallenge), meinen Mini und Mountainbiken.<\/p>\n<p>Ich freue mich sehr \u00fcber Kommentare zu meinen Beitr\u00e4gen &#8211; also wenn Euch irgendetwas interessiert, Ihr Fragen zu meinen Posts habt oder auch wenn Euch einmal etwas nicht gefallen sollte &#8211; schreibt mir einfach einen Kommentar!<\/p>\n<p>Sascha Back<\/p>\n<p>&nbsp;<\/p>","protected":false},"excerpt":{"rendered":"<p>Herzlich Willkommen auf meinem Blog &#8211; hier poste ich Beitr\u00e4ge \u00fcber meine Hobbies Sportschiessen (IPSC und Steelchallenge), meinen Mini und Mountainbiken. Ich freue mich sehr \u00fcber Kommentare zu meinen Beitr\u00e4gen &#8211; also wenn Euch irgendetwas interessiert, Ihr Fragen zu meinen Posts habt oder auch wenn Euch einmal etwas nicht gefallen sollte &#8211; schreibt mir einfach &hellip; <a href=\"https:\/\/www.saschaback.de\/blog_neu\/about\/\" class=\"more-link\"><span class=\"screen-reader-text\">\u201eAbout\u201c<\/span> weiterlesen<\/a><\/p>\n","protected":false},"author":1,"featured_media":0,"parent":0,"menu_order":0,"comment_status":"open","ping_status":"open","template":"","meta":{"_monsterinsights_skip_tracking":false,"_monsterinsights_sitenote_active":false,"_monsterinsights_sitenote_note":"","_monsterinsights_sitenote_category":0,"ngg_post_thumbnail":0,"footnotes":""},"class_list":["post-1268","page","type-page","status-publish","hentry"],"yoast_head":"<!-- This site is optimized with the Yoast SEO plugin v26.3 - https:\/\/yoast.com\/wordpress\/plugins\/seo\/ -->\n<title>About &#8211; saschaback.de<\/title>\n<meta name=\"robots\" content=\"index, follow, max-snippet:-1, max-image-preview:large, max-video-preview:-1\" \/>\n<link rel=\"canonical\" href=\"https:\/\/www.saschaback.de\/blog_neu\/about\/\" \/>\n<meta property=\"og:locale\" content=\"de_DE\" \/>\n<meta property=\"og:type\" content=\"article\" \/>\n<meta property=\"og:title\" content=\"About &#8211; saschaback.de\" \/>\n<meta property=\"og:description\" content=\"Herzlich Willkommen auf meinem Blog &#8211; hier poste ich Beitr\u00e4ge \u00fcber meine Hobbies Sportschiessen (IPSC und Steelchallenge), meinen Mini und Mountainbiken. Ich freue mich sehr \u00fcber Kommentare zu meinen Beitr\u00e4gen &#8211; also wenn Euch irgendetwas interessiert, Ihr Fragen zu meinen Posts habt oder auch wenn Euch einmal etwas nicht gefallen sollte &#8211; schreibt mir einfach &hellip; \u201eAbout\u201c weiterlesen\" \/>\n<meta property=\"og:url\" content=\"https:\/\/www.saschaback.de\/blog_neu\/about\/\" \/>\n<meta property=\"og:site_name\" content=\"saschaback.de\" \/>\n<meta name=\"twitter:card\" content=\"summary_large_image\" \/>\n<meta name=\"twitter:label1\" content=\"Gesch\u00e4tzte Lesezeit\" \/>\n\t<meta name=\"twitter:data1\" content=\"1\u00a0Minute\" \/>\n<script type=\"application\/ld+json\" class=\"yoast-schema-graph\">{\"@context\":\"https:\/\/schema.org\",\"@graph\":[{\"@type\":\"WebPage\",\"@id\":\"https:\/\/www.saschaback.de\/blog_neu\/about\/\",\"url\":\"https:\/\/www.saschaback.de\/blog_neu\/about\/\",\"name\":\"About &#8211; saschaback.de\",\"isPartOf\":{\"@id\":\"https:\/\/www.saschaback.de\/blog_neu\/en\/#website\"},\"datePublished\":\"2009-12-28T16:15:30+00:00\",\"breadcrumb\":{\"@id\":\"https:\/\/www.saschaback.de\/blog_neu\/about\/#breadcrumb\"},\"inLanguage\":\"de\",\"potentialAction\":[{\"@type\":\"ReadAction\",\"target\":[\"https:\/\/www.saschaback.de\/blog_neu\/about\/\"]}]},{\"@type\":\"BreadcrumbList\",\"@id\":\"https:\/\/www.saschaback.de\/blog_neu\/about\/#breadcrumb\",\"itemListElement\":[{\"@type\":\"ListItem\",\"position\":1,\"name\":\"Startseite\",\"item\":\"https:\/\/www.saschaback.de\/blog_neu\/en\/\"},{\"@type\":\"ListItem\",\"position\":2,\"name\":\"About\"}]},{\"@type\":\"WebSite\",\"@id\":\"https:\/\/www.saschaback.de\/blog_neu\/en\/#website\",\"url\":\"https:\/\/www.saschaback.de\/blog_neu\/en\/\",\"name\":\"saschaback.de\",\"description\":\"Blog about IPSC, Steelchallenge, shooting and other fun stuff\",\"potentialAction\":[{\"@type\":\"SearchAction\",\"target\":{\"@type\":\"EntryPoint\",\"urlTemplate\":\"https:\/\/www.saschaback.de\/blog_neu\/en\/?s={search_term_string}\"},\"query-input\":{\"@type\":\"PropertyValueSpecification\",\"valueRequired\":true,\"valueName\":\"search_term_string\"}}],\"inLanguage\":\"de\"}]}<\/script>\n<!-- \/ Yoast SEO plugin. -->","yoast_head_json":{"title":"About &#8211; saschaback.de","robots":{"index":"index","follow":"follow","max-snippet":"max-snippet:-1","max-image-preview":"max-image-preview:large","max-video-preview":"max-video-preview:-1"},"canonical":"https:\/\/www.saschaback.de\/blog_neu\/about\/","og_locale":"de_DE","og_type":"article","og_title":"About &#8211; saschaback.de","og_description":"Herzlich Willkommen auf meinem Blog &#8211; hier poste ich Beitr\u00e4ge \u00fcber meine Hobbies Sportschiessen (IPSC und Steelchallenge), meinen Mini und Mountainbiken. Ich freue mich sehr \u00fcber Kommentare zu meinen Beitr\u00e4gen &#8211; also wenn Euch irgendetwas interessiert, Ihr Fragen zu meinen Posts habt oder auch wenn Euch einmal etwas nicht gefallen sollte &#8211; schreibt mir einfach &hellip; \u201eAbout\u201c weiterlesen","og_url":"https:\/\/www.saschaback.de\/blog_neu\/about\/","og_site_name":"saschaback.de","twitter_card":"summary_large_image","twitter_misc":{"Gesch\u00e4tzte Lesezeit":"1\u00a0Minute"},"schema":{"@context":"https:\/\/schema.org","@graph":[{"@type":"WebPage","@id":"https:\/\/www.saschaback.de\/blog_neu\/about\/","url":"https:\/\/www.saschaback.de\/blog_neu\/about\/","name":"About &#8211; saschaback.de","isPartOf":{"@id":"https:\/\/www.saschaback.de\/blog_neu\/en\/#website"},"datePublished":"2009-12-28T16:15:30+00:00","breadcrumb":{"@id":"https:\/\/www.saschaback.de\/blog_neu\/about\/#breadcrumb"},"inLanguage":"de","potentialAction":[{"@type":"ReadAction","target":["https:\/\/www.saschaback.de\/blog_neu\/about\/"]}]},{"@type":"BreadcrumbList","@id":"https:\/\/www.saschaback.de\/blog_neu\/about\/#breadcrumb","itemListElement":[{"@type":"ListItem","position":1,"name":"Startseite","item":"https:\/\/www.saschaback.de\/blog_neu\/en\/"},{"@type":"ListItem","position":2,"name":"About"}]},{"@type":"WebSite","@id":"https:\/\/www.saschaback.de\/blog_neu\/en\/#website","url":"https:\/\/www.saschaback.de\/blog_neu\/en\/","name":"saschaback.de","description":"Blog about IPSC, Steelchallenge, shooting and other fun stuff","potentialAction":[{"@type":"SearchAction","target":{"@type":"EntryPoint","urlTemplate":"https:\/\/www.saschaback.de\/blog_neu\/en\/?s={search_term_string}"},"query-input":{"@type":"PropertyValueSpecification","valueRequired":true,"valueName":"search_term_string"}}],"inLanguage":"de"}]}},"_links":{"self":[{"href":"https:\/\/www.saschaback.de\/blog_neu\/wp-json\/wp\/v2\/pages\/1268","targetHints":{"allow":["GET"]}}],"collection":[{"href":"https:\/\/www.saschaback.de\/blog_neu\/wp-json\/wp\/v2\/pages"}],"about":[{"href":"https:\/\/www.saschaback.de\/blog_neu\/wp-json\/wp\/v2\/types\/page"}],"author":[{"embeddable":true,"href":"https:\/\/www.saschaback.de\/blog_neu\/wp-json\/wp\/v2\/users\/1"}],"replies":[{"embeddable":true,"href":"https:\/\/www.saschaback.de\/blog_neu\/wp-json\/wp\/v2\/comments?post=1268"}],"version-history":[{"count":0,"href":"https:\/\/www.saschaback.de\/blog_neu\/wp-json\/wp\/v2\/pages\/1268\/revisions"}],"wp:attachment":[{"href":"https:\/\/www.saschaback.de\/blog_neu\/wp-json\/wp\/v2\/media?parent=1268"}],"curies":[{"name":"wp","href":"https:\/\/api.w.org\/{rel}","templated":true}]}}